{"id":42,"date":"2023-11-17T13:01:25","date_gmt":"2023-11-17T13:01:25","guid":{"rendered":"https:\/\/hulyyou.de\/lottozahlenarchiv.de\/?page_id=42"},"modified":"2023-11-17T13:03:41","modified_gmt":"2023-11-17T13:03:41","slug":"haeufigsten-lottozahlen","status":"publish","type":"page","link":"https:\/\/hulyyou.de\/lottozahlenarchiv.de\/haeufigsten-lottozahlen\/","title":{"rendered":"H\u00e4ufigsten Lottozahlen"},"content":{"rendered":"\n<!DOCTYPE html>\n<html lang=\"de\">\n<head>\n  <title>H\u00e4ufigkeit der Lottozahlen<\/title>\n<\/head>\n<body>\n\n  <h1>H\u00e4ufigkeit der Lottozahlen<\/h1>\n\n  <table class=\"table table-bordered table-striped\">\n    <thead>\n      <tr>\n        <th>Platz<\/th>\n        <th>Zahl<\/th>\n        <th>Anzahl der Ziehungen<\/th>\n      <\/tr>\n    <\/thead>\n    <tbody>\n      <tr>\n        <td>1<\/td>\n        <td>6<\/td>\n        <td>624<\/td>\n      <\/tr>\n      <tr>\n        <td>2<\/td>\n        <td>49<\/td>\n        <td>603<\/td>\n      <\/tr>\n      <tr>\n        <td>3<\/td>\n        <td>32<\/td>\n        <td>594<\/td>\n      <\/tr>\n      <tr>\n        <td>4<\/td>\n        <td>31<\/td>\n        <td>594<\/td>\n      <\/tr>\n      <tr>\n        <td>5<\/td>\n        <td>38<\/td>\n        <td>591<\/td>\n      <\/tr>\n      <tr>\n        <td>6<\/td>\n        <td>24<\/td>\n        <td>590<\/td>\n      <\/tr>\n      <tr>\n        <td>7<\/td>\n        <td>23<\/td>\n        <td>587<\/td>\n      <\/tr>\n      <tr>\n        <td>8<\/td>\n        <td>29<\/td>\n        <td>587<\/td>\n      <\/tr>\n      <tr>\n        <td>9<\/td>\n        <td>27<\/td>\n        <td>587<\/td>\n      <\/tr>\n    <\/tbody>\n  <\/table>\n\n  <p>\n    <strong>Weitere Informationen:<\/strong>\n    <ul>\n      <li>Die Daten basieren auf fast 6.000 Ziehungen vom Mittwoch und vom Samstag.<\/li>\n      <li>Die Zahlen 6, 49, 32 und 31 wurden also in fast 25 % aller Ziehungen gezogen.<\/li>\n      <li>Lottozahlen werden zuf\u00e4llig gezogen und es gibt keine Garantie daf\u00fcr, dass eine Zahl h\u00e4ufiger gezogen wird als eine andere.<\/li>\n    <\/ul>\n  <\/p>\n\n<\/body>\n<\/html>\n\n\n\n\n<table class=\"table table-responsive\">\n<table class=\"table table-filterable\">\n<table class=\"table table-bordered table-striped\">\n  <caption>\n    <strong>Legende:<\/strong>\n    <ul>\n      <li>Platz: Die Reihenfolge der Zahlen in der Tabelle.<\/li>\n      <li>Zahl: Die gezogene Lottozahl.<\/li>\n      <li>Anzahl der Ziehungen: Die Anzahl der Male, dass die Zahl gezogen wurde.<\/li>\n    <\/ul>\n  <\/caption>\n<!DOCTYPE html>\n<html lang=\"de\">\n<head>\n  <title>H\u00e4ufigkeit der Lottozahlen<\/title>\n<\/head>\n<body>\n\n  <h1>H\u00e4ufigkeit der Lottozahlen<\/h1>\n\n  <table class=\"table table-bordered table-striped\">\n    <thead>\n      <tr>\n        <th>Zahl<\/th>\n        <th>Anzahl der Ziehungen<\/th>\n      <\/tr>\n    <\/thead>\n    <tbody>\n      <tr>\n        <td>6<\/td>\n        <td>66<\/td>\n      <\/tr>\n      <tr>\n        <td>49<\/td>\n        <td>64<\/td>\n      <\/tr>\n      <tr>\n        <td>32<\/td>\n        <td>63<\/td>\n      <\/tr>\n      <tr>\n        <td>31<\/td>\n        <td>63<\/td>\n      <\/tr>\n      <tr>\n        <td>38<\/td>\n        <td>62<\/td>\n      <\/tr>\n      <tr>\n        <td>24<\/td>\n        <td>61<\/td>\n      <\/tr>\n      <tr>\n        <td>23<\/td>\n        <td>60<\/td>\n      <\/tr>\n      <tr>\n        <td>29<\/td>\n        <td>60<\/td>\n      <\/tr>\n      <tr>\n        <td>27<\/td>\n        <td>60<\/td>\n      <\/tr>\n    <\/tbody>\n  <\/table>\n\n<\/body>\n<\/html>\n\n\n","protected":false},"excerpt":{"rendered":"<p>H\u00e4ufigkeit der Lottozahlen H\u00e4ufigkeit der Lottozahlen Platz Zahl Anzahl der Ziehungen 1 6 624 2 49 603 3 32 594 4 31 594 5 38 591 6 24 590 7 23 587 8 29 587 9 27 587 Weitere Informationen: Die Daten basieren auf fast 6.000 Ziehungen vom Mittwoch und vom Samstag. Die Zahlen 6, [&hellip;]<\/p>\n","protected":false},"author":1,"featured_media":0,"parent":0,"menu_order":0,"comment_status":"closed","ping_status":"closed","template":"","meta":{"iawp_total_views":5,"footnotes":""},"class_list":["post-42","page","type-page","status-publish","hentry"],"yoast_head":"<!-- This site is optimized with the Yoast SEO plugin v27.4 - https:\/\/yoast.com\/product\/yoast-seo-wordpress\/ -->\n<title>H\u00e4ufigsten Lottozahlen - Lottozahlenarchiv<\/title>\n<meta name=\"robots\" content=\"index, follow, max-snippet:-1, max-image-preview:large, max-video-preview:-1\" \/>\n<link rel=\"canonical\" href=\"https:\/\/hulyyou.de\/lottozahlenarchiv.de\/haeufigsten-lottozahlen\/\" \/>\n<meta property=\"og:locale\" content=\"de_DE\" \/>\n<meta property=\"og:type\" content=\"article\" \/>\n<meta property=\"og:title\" content=\"H\u00e4ufigsten Lottozahlen - Lottozahlenarchiv\" \/>\n<meta property=\"og:description\" content=\"H\u00e4ufigkeit der Lottozahlen H\u00e4ufigkeit der Lottozahlen Platz Zahl Anzahl der Ziehungen 1 6 624 2 49 603 3 32 594 4 31 594 5 38 591 6 24 590 7 23 587 8 29 587 9 27 587 Weitere Informationen: Die Daten basieren auf fast 6.000 Ziehungen vom Mittwoch und vom Samstag. Die Zahlen 6, [&hellip;]\" \/>\n<meta property=\"og:url\" content=\"https:\/\/hulyyou.de\/lottozahlenarchiv.de\/haeufigsten-lottozahlen\/\" \/>\n<meta property=\"og:site_name\" content=\"Lottozahlenarchiv\" \/>\n<meta property=\"article:modified_time\" content=\"2023-11-17T13:03:41+00:00\" \/>\n<meta name=\"twitter:card\" content=\"summary_large_image\" \/>\n<meta name=\"twitter:label1\" content=\"Gesch\u00e4tzte Lesezeit\" \/>\n\t<meta name=\"twitter:data1\" content=\"1\u00a0Minute\" \/>\n<script type=\"application\/ld+json\" class=\"yoast-schema-graph\">{\"@context\":\"https:\\\/\\\/schema.org\",\"@graph\":[{\"@type\":\"WebPage\",\"@id\":\"https:\\\/\\\/hulyyou.de\\\/lottozahlenarchiv.de\\\/haeufigsten-lottozahlen\\\/\",\"url\":\"https:\\\/\\\/hulyyou.de\\\/lottozahlenarchiv.de\\\/haeufigsten-lottozahlen\\\/\",\"name\":\"H\u00e4ufigsten Lottozahlen - Lottozahlenarchiv\",\"isPartOf\":{\"@id\":\"https:\\\/\\\/hulyyou.de\\\/lottozahlenarchiv.de\\\/#website\"},\"datePublished\":\"2023-11-17T13:01:25+00:00\",\"dateModified\":\"2023-11-17T13:03:41+00:00\",\"breadcrumb\":{\"@id\":\"https:\\\/\\\/hulyyou.de\\\/lottozahlenarchiv.de\\\/haeufigsten-lottozahlen\\\/#breadcrumb\"},\"inLanguage\":\"de\",\"potentialAction\":[{\"@type\":\"ReadAction\",\"target\":[\"https:\\\/\\\/hulyyou.de\\\/lottozahlenarchiv.de\\\/haeufigsten-lottozahlen\\\/\"]}]},{\"@type\":\"BreadcrumbList\",\"@id\":\"https:\\\/\\\/hulyyou.de\\\/lottozahlenarchiv.de\\\/haeufigsten-lottozahlen\\\/#breadcrumb\",\"itemListElement\":[{\"@type\":\"ListItem\",\"position\":1,\"name\":\"Startseite\",\"item\":\"https:\\\/\\\/hulyyou.de\\\/lottozahlenarchiv.de\\\/\"},{\"@type\":\"ListItem\",\"position\":2,\"name\":\"H\u00e4ufigsten Lottozahlen\"}]},{\"@type\":\"WebSite\",\"@id\":\"https:\\\/\\\/hulyyou.de\\\/lottozahlenarchiv.de\\\/#website\",\"url\":\"https:\\\/\\\/hulyyou.de\\\/lottozahlenarchiv.de\\\/\",\"name\":\"Lottozahlenarchiv\",\"description\":\"Lotto Archiv\",\"potentialAction\":[{\"@type\":\"SearchAction\",\"target\":{\"@type\":\"EntryPoint\",\"urlTemplate\":\"https:\\\/\\\/hulyyou.de\\\/lottozahlenarchiv.de\\\/?s={search_term_string}\"},\"query-input\":{\"@type\":\"PropertyValueSpecification\",\"valueRequired\":true,\"valueName\":\"search_term_string\"}}],\"inLanguage\":\"de\"}]}<\/script>\n<!-- \/ Yoast SEO plugin. -->","yoast_head_json":{"title":"H\u00e4ufigsten Lottozahlen - Lottozahlenarchiv","robots":{"index":"index","follow":"follow","max-snippet":"max-snippet:-1","max-image-preview":"max-image-preview:large","max-video-preview":"max-video-preview:-1"},"canonical":"https:\/\/hulyyou.de\/lottozahlenarchiv.de\/haeufigsten-lottozahlen\/","og_locale":"de_DE","og_type":"article","og_title":"H\u00e4ufigsten Lottozahlen - Lottozahlenarchiv","og_description":"H\u00e4ufigkeit der Lottozahlen H\u00e4ufigkeit der Lottozahlen Platz Zahl Anzahl der Ziehungen 1 6 624 2 49 603 3 32 594 4 31 594 5 38 591 6 24 590 7 23 587 8 29 587 9 27 587 Weitere Informationen: Die Daten basieren auf fast 6.000 Ziehungen vom Mittwoch und vom Samstag. Die Zahlen 6, [&hellip;]","og_url":"https:\/\/hulyyou.de\/lottozahlenarchiv.de\/haeufigsten-lottozahlen\/","og_site_name":"Lottozahlenarchiv","article_modified_time":"2023-11-17T13:03:41+00:00","twitter_card":"summary_large_image","twitter_misc":{"Gesch\u00e4tzte Lesezeit":"1\u00a0Minute"},"schema":{"@context":"https:\/\/schema.org","@graph":[{"@type":"WebPage","@id":"https:\/\/hulyyou.de\/lottozahlenarchiv.de\/haeufigsten-lottozahlen\/","url":"https:\/\/hulyyou.de\/lottozahlenarchiv.de\/haeufigsten-lottozahlen\/","name":"H\u00e4ufigsten Lottozahlen - Lottozahlenarchiv","isPartOf":{"@id":"https:\/\/hulyyou.de\/lottozahlenarchiv.de\/#website"},"datePublished":"2023-11-17T13:01:25+00:00","dateModified":"2023-11-17T13:03:41+00:00","breadcrumb":{"@id":"https:\/\/hulyyou.de\/lottozahlenarchiv.de\/haeufigsten-lottozahlen\/#breadcrumb"},"inLanguage":"de","potentialAction":[{"@type":"ReadAction","target":["https:\/\/hulyyou.de\/lottozahlenarchiv.de\/haeufigsten-lottozahlen\/"]}]},{"@type":"BreadcrumbList","@id":"https:\/\/hulyyou.de\/lottozahlenarchiv.de\/haeufigsten-lottozahlen\/#breadcrumb","itemListElement":[{"@type":"ListItem","position":1,"name":"Startseite","item":"https:\/\/hulyyou.de\/lottozahlenarchiv.de\/"},{"@type":"ListItem","position":2,"name":"H\u00e4ufigsten Lottozahlen"}]},{"@type":"WebSite","@id":"https:\/\/hulyyou.de\/lottozahlenarchiv.de\/#website","url":"https:\/\/hulyyou.de\/lottozahlenarchiv.de\/","name":"Lottozahlenarchiv","description":"Lotto Archiv","potentialAction":[{"@type":"SearchAction","target":{"@type":"EntryPoint","urlTemplate":"https:\/\/hulyyou.de\/lottozahlenarchiv.de\/?s={search_term_string}"},"query-input":{"@type":"PropertyValueSpecification","valueRequired":true,"valueName":"search_term_string"}}],"inLanguage":"de"}]}},"_links":{"self":[{"href":"https:\/\/hulyyou.de\/lottozahlenarchiv.de\/wp-json\/wp\/v2\/pages\/42","targetHints":{"allow":["GET"]}}],"collection":[{"href":"https:\/\/hulyyou.de\/lottozahlenarchiv.de\/wp-json\/wp\/v2\/pages"}],"about":[{"href":"https:\/\/hulyyou.de\/lottozahlenarchiv.de\/wp-json\/wp\/v2\/types\/page"}],"author":[{"embeddable":true,"href":"https:\/\/hulyyou.de\/lottozahlenarchiv.de\/wp-json\/wp\/v2\/users\/1"}],"replies":[{"embeddable":true,"href":"https:\/\/hulyyou.de\/lottozahlenarchiv.de\/wp-json\/wp\/v2\/comments?post=42"}],"version-history":[{"count":2,"href":"https:\/\/hulyyou.de\/lottozahlenarchiv.de\/wp-json\/wp\/v2\/pages\/42\/revisions"}],"predecessor-version":[{"id":44,"href":"https:\/\/hulyyou.de\/lottozahlenarchiv.de\/wp-json\/wp\/v2\/pages\/42\/revisions\/44"}],"wp:attachment":[{"href":"https:\/\/hulyyou.de\/lottozahlenarchiv.de\/wp-json\/wp\/v2\/media?parent=42"}],"curies":[{"name":"wp","href":"https:\/\/api.w.org\/{rel}","templated":true}]}}