{"id":93,"date":"2023-11-16T21:18:29","date_gmt":"2023-11-16T21:18:29","guid":{"rendered":"https:\/\/hulyyou.de\/finanzen-boerse.de\/?page_id=93"},"modified":"2023-11-16T21:34:36","modified_gmt":"2023-11-16T21:34:36","slug":"oatly-anlage","status":"publish","type":"page","link":"https:\/\/hulyyou.de\/finanzen-boerse.de\/oatly-anlage\/","title":{"rendered":"Oatly-Anlage"},"content":{"rendered":"\n<p><strong><strong>Ya YA Foods baut in Utah aus<\/strong><\/strong> <strong>Torontoer Unternehmen investiert 92 Millionen Dollar in Oatly-Anlage<\/strong><\/p>\n\n\n\n<p><strong>Ogden, Utah, 16. November 2023<\/strong> \u2013 Die Ya YA Food Corp., ein in Toronto ans\u00e4ssiges Unternehmen f\u00fcr Lebensmittel- und Getr\u00e4nkeverpackungen, hat angek\u00fcndigt, 92 Millionen Dollar in den Ausbau seiner neuen Produktionsanlage im Business Depot Ogden Business Park in Ogden, Utah, zu investieren.<\/p>\n\n\n\n<p>Das Unternehmen hatte die Anlage im Januar im Rahmen eines 72-Millionen-Dollar-Deals vom schwedischen Unternehmen <strong>Oatly<\/strong> \u00fcbernommen. Dies ist Teil der Umstellung von Oatly auf eine \u201cAsset-Light-Supply-Chain-Strategie\u201d, bei der Ya YA Foods nicht nur die Leitung der Oatly-Anlage in Ogden, sondern auch die Kontrolle \u00fcber den Betrieb in Fort Worth, Texas, \u00fcbernommen hat.<\/p>\n\n\n\n<p>Der Ausbau der Anlage in Ogden wird die Kapazit\u00e4t des Standorts um 50 % erh\u00f6hen und die Produktion von pflanzlichen Milchprodukten, Kaffee und anderen Getr\u00e4nken erm\u00f6glichen. Die Investition wird auch die Schaffung von 302 neuen Arbeitspl\u00e4tzen in den n\u00e4chsten zehn Jahren zur Folge haben.<\/p>\n\n\n\n<p>\u201cDiese Investition ist ein wichtiger Meilenstein f\u00fcr Ya YA Foods\u201d, sagte Yahya Abbas, CEO des Unternehmens. \u201cSie wird unsere Kapazit\u00e4ten erweitern, neue Arbeitspl\u00e4tze schaffen und zum Wirtschaftswachstum in Utah beitragen.\u201d<\/p>\n\n\n\n<p>Abbas betonte auch die strategische Bedeutung der Investition f\u00fcr Ya YA Foods. \u201cWir wollen ein f\u00fchrender Anbieter von aseptischen Getr\u00e4nken in Nordamerika werden\u201d, sagte er. \u201cDiese Investition wird uns dabei helfen, unser Ziel zu erreichen.\u201d<\/p>\n\n\n\n<p><strong>Aktienkurs von <a href=\"https:\/\/etoro.tw\/3pyGUGX\">Oatly Group<\/a> steigt<\/strong><\/p>\n\n\n\n<p>Die Ank\u00fcndigung der Investition f\u00fchrte zu einem Anstieg des Aktienkurses von <strong>Oatly <\/strong>Group. Am 16. November 2023 schloss die Aktie bei 0,7441 US-Dollar, ein Anstieg von 39,8 % gegen\u00fcber dem Vortag.<\/p>\n\n\n\n<p><strong>Analysten sehen positive Auswirkungen<\/strong><\/p>\n\n\n\n<p>Analysten sehen die Investition von Ya YA Foods in Utah positiv. In einer Analystennotiz schrieb Jefferies, dass die Investition \u201cein starkes Signal f\u00fcr die Wachstumsambitionen von Ya YA Foods\u201d sei.<\/p>\n\n\n\n<p>\u201cDie Investition wird die Kapazit\u00e4ten des Unternehmens erweitern und es ihm erm\u00f6glichen, neue M\u00e4rkte zu erschlie\u00dfen\u201d, schrieb Jefferies. \u201cWir sind der Ansicht, dass dies die Aktie von Ya YA Foods positiv beeinflussen wird.\u201d<\/p>\n\n\n\n<p><strong><a href=\"https:\/\/hulyyou.de\/finanzen-boerse.de\/\">Risikohinweis<\/a><\/strong><\/p>\n\n\n\n<p>Investitionen sind mit Risiken verbunden. Die Hulyyou \u00fcbernimmt keine Gew\u00e4hrleistung f\u00fcr die Vollst\u00e4ndigkeit und Richtigkeit der bereitgestellten Informationen. Die Informationen dienen lediglich der allgemeinen Information und sollten nicht als alleinige Grundlage f\u00fcr Anlageentscheidungen herangezogen werden.<\/p>\n\n\n\n<p><a href=\"https:\/\/etoro.tw\/3pyGUGX\">EToro<\/a>\n","protected":false},"excerpt":{"rendered":"<p>Ya YA Foods baut in Utah aus Torontoer Unternehmen investiert 92 Millionen Dollar in Oatly-Anlage Ogden, Utah, 16. November 2023 \u2013 Die Ya YA Food Corp., ein in Toronto ans\u00e4ssiges Unternehmen f\u00fcr Lebensmittel- und Getr\u00e4nkeverpackungen, hat angek\u00fcndigt, 92 Millionen Dollar in den Ausbau seiner neuen Produktionsanlage im Business Depot Ogden Business Park in Ogden, Utah, [&hellip;]<\/p>\n","protected":false},"author":1,"featured_media":0,"parent":0,"menu_order":0,"comment_status":"closed","ping_status":"closed","template":"","meta":{"iawp_total_views":14,"footnotes":""},"class_list":["post-93","page","type-page","status-publish","hentry"],"yoast_head":"<!-- This site is optimized with the Yoast SEO plugin v26.7 - https:\/\/yoast.com\/wordpress\/plugins\/seo\/ -->\n<title>Oatly-Anlage - Finanzen B\u00f6rse<\/title>\n<meta name=\"description\" content=\"Oatly-Anlage Am 16. November 2023 schloss die Aktie bei 0,7441 US-Dollar, ein Anstieg von 39,8 % gegen\u00fcber dem Vortag.\" \/>\n<meta name=\"robots\" content=\"index, follow, max-snippet:-1, max-image-preview:large, max-video-preview:-1\" \/>\n<link rel=\"canonical\" href=\"https:\/\/hulyyou.de\/finanzen-boerse.de\/oatly-anlage\/\" \/>\n<meta property=\"og:locale\" content=\"de_DE\" \/>\n<meta property=\"og:type\" content=\"article\" \/>\n<meta property=\"og:title\" content=\"Oatly-Anlage - Finanzen B\u00f6rse\" \/>\n<meta property=\"og:description\" content=\"Oatly-Anlage Am 16. November 2023 schloss die Aktie bei 0,7441 US-Dollar, ein Anstieg von 39,8 % gegen\u00fcber dem Vortag.\" \/>\n<meta property=\"og:url\" content=\"https:\/\/hulyyou.de\/finanzen-boerse.de\/oatly-anlage\/\" \/>\n<meta property=\"og:site_name\" content=\"Finanzen B\u00f6rse\" \/>\n<meta property=\"article:modified_time\" content=\"2023-11-16T21:34:36+00:00\" \/>\n<meta name=\"twitter:card\" content=\"summary_large_image\" \/>\n<meta name=\"twitter:label1\" content=\"Gesch\u00e4tzte Lesezeit\" \/>\n\t<meta name=\"twitter:data1\" content=\"2\u00a0Minuten\" \/>\n<script type=\"application\/ld+json\" class=\"yoast-schema-graph\">{\"@context\":\"https:\/\/schema.org\",\"@graph\":[{\"@type\":\"WebPage\",\"@id\":\"https:\/\/hulyyou.de\/finanzen-boerse.de\/oatly-anlage\/\",\"url\":\"https:\/\/hulyyou.de\/finanzen-boerse.de\/oatly-anlage\/\",\"name\":\"Oatly-Anlage - Finanzen B\u00f6rse\",\"isPartOf\":{\"@id\":\"https:\/\/hulyyou.de\/finanzen-boerse.de\/#website\"},\"datePublished\":\"2023-11-16T21:18:29+00:00\",\"dateModified\":\"2023-11-16T21:34:36+00:00\",\"description\":\"Oatly-Anlage Am 16. November 2023 schloss die Aktie bei 0,7441 US-Dollar, ein Anstieg von 39,8 % gegen\u00fcber dem Vortag.\",\"breadcrumb\":{\"@id\":\"https:\/\/hulyyou.de\/finanzen-boerse.de\/oatly-anlage\/#breadcrumb\"},\"inLanguage\":\"de\",\"potentialAction\":[{\"@type\":\"ReadAction\",\"target\":[\"https:\/\/hulyyou.de\/finanzen-boerse.de\/oatly-anlage\/\"]}]},{\"@type\":\"BreadcrumbList\",\"@id\":\"https:\/\/hulyyou.de\/finanzen-boerse.de\/oatly-anlage\/#breadcrumb\",\"itemListElement\":[{\"@type\":\"ListItem\",\"position\":1,\"name\":\"Startseite\",\"item\":\"https:\/\/hulyyou.de\/finanzen-boerse.de\/\"},{\"@type\":\"ListItem\",\"position\":2,\"name\":\"Oatly-Anlage\"}]},{\"@type\":\"WebSite\",\"@id\":\"https:\/\/hulyyou.de\/finanzen-boerse.de\/#website\",\"url\":\"https:\/\/hulyyou.de\/finanzen-boerse.de\/\",\"name\":\"Finanzen B\u00f6rse\",\"description\":\"Finanzen Wirtschaft\",\"potentialAction\":[{\"@type\":\"SearchAction\",\"target\":{\"@type\":\"EntryPoint\",\"urlTemplate\":\"https:\/\/hulyyou.de\/finanzen-boerse.de\/?s={search_term_string}\"},\"query-input\":{\"@type\":\"PropertyValueSpecification\",\"valueRequired\":true,\"valueName\":\"search_term_string\"}}],\"inLanguage\":\"de\"}]}<\/script>\n<!-- \/ Yoast SEO plugin. -->","yoast_head_json":{"title":"Oatly-Anlage - Finanzen B\u00f6rse","description":"Oatly-Anlage Am 16. November 2023 schloss die Aktie bei 0,7441 US-Dollar, ein Anstieg von 39,8 % gegen\u00fcber dem Vortag.","robots":{"index":"index","follow":"follow","max-snippet":"max-snippet:-1","max-image-preview":"max-image-preview:large","max-video-preview":"max-video-preview:-1"},"canonical":"https:\/\/hulyyou.de\/finanzen-boerse.de\/oatly-anlage\/","og_locale":"de_DE","og_type":"article","og_title":"Oatly-Anlage - Finanzen B\u00f6rse","og_description":"Oatly-Anlage Am 16. November 2023 schloss die Aktie bei 0,7441 US-Dollar, ein Anstieg von 39,8 % gegen\u00fcber dem Vortag.","og_url":"https:\/\/hulyyou.de\/finanzen-boerse.de\/oatly-anlage\/","og_site_name":"Finanzen B\u00f6rse","article_modified_time":"2023-11-16T21:34:36+00:00","twitter_card":"summary_large_image","twitter_misc":{"Gesch\u00e4tzte Lesezeit":"2\u00a0Minuten"},"schema":{"@context":"https:\/\/schema.org","@graph":[{"@type":"WebPage","@id":"https:\/\/hulyyou.de\/finanzen-boerse.de\/oatly-anlage\/","url":"https:\/\/hulyyou.de\/finanzen-boerse.de\/oatly-anlage\/","name":"Oatly-Anlage - Finanzen B\u00f6rse","isPartOf":{"@id":"https:\/\/hulyyou.de\/finanzen-boerse.de\/#website"},"datePublished":"2023-11-16T21:18:29+00:00","dateModified":"2023-11-16T21:34:36+00:00","description":"Oatly-Anlage Am 16. November 2023 schloss die Aktie bei 0,7441 US-Dollar, ein Anstieg von 39,8 % gegen\u00fcber dem Vortag.","breadcrumb":{"@id":"https:\/\/hulyyou.de\/finanzen-boerse.de\/oatly-anlage\/#breadcrumb"},"inLanguage":"de","potentialAction":[{"@type":"ReadAction","target":["https:\/\/hulyyou.de\/finanzen-boerse.de\/oatly-anlage\/"]}]},{"@type":"BreadcrumbList","@id":"https:\/\/hulyyou.de\/finanzen-boerse.de\/oatly-anlage\/#breadcrumb","itemListElement":[{"@type":"ListItem","position":1,"name":"Startseite","item":"https:\/\/hulyyou.de\/finanzen-boerse.de\/"},{"@type":"ListItem","position":2,"name":"Oatly-Anlage"}]},{"@type":"WebSite","@id":"https:\/\/hulyyou.de\/finanzen-boerse.de\/#website","url":"https:\/\/hulyyou.de\/finanzen-boerse.de\/","name":"Finanzen B\u00f6rse","description":"Finanzen Wirtschaft","potentialAction":[{"@type":"SearchAction","target":{"@type":"EntryPoint","urlTemplate":"https:\/\/hulyyou.de\/finanzen-boerse.de\/?s={search_term_string}"},"query-input":{"@type":"PropertyValueSpecification","valueRequired":true,"valueName":"search_term_string"}}],"inLanguage":"de"}]}},"_links":{"self":[{"href":"https:\/\/hulyyou.de\/finanzen-boerse.de\/wp-json\/wp\/v2\/pages\/93","targetHints":{"allow":["GET"]}}],"collection":[{"href":"https:\/\/hulyyou.de\/finanzen-boerse.de\/wp-json\/wp\/v2\/pages"}],"about":[{"href":"https:\/\/hulyyou.de\/finanzen-boerse.de\/wp-json\/wp\/v2\/types\/page"}],"author":[{"embeddable":true,"href":"https:\/\/hulyyou.de\/finanzen-boerse.de\/wp-json\/wp\/v2\/users\/1"}],"replies":[{"embeddable":true,"href":"https:\/\/hulyyou.de\/finanzen-boerse.de\/wp-json\/wp\/v2\/comments?post=93"}],"version-history":[{"count":4,"href":"https:\/\/hulyyou.de\/finanzen-boerse.de\/wp-json\/wp\/v2\/pages\/93\/revisions"}],"predecessor-version":[{"id":100,"href":"https:\/\/hulyyou.de\/finanzen-boerse.de\/wp-json\/wp\/v2\/pages\/93\/revisions\/100"}],"wp:attachment":[{"href":"https:\/\/hulyyou.de\/finanzen-boerse.de\/wp-json\/wp\/v2\/media?parent=93"}],"curies":[{"name":"wp","href":"https:\/\/api.w.org\/{rel}","templated":true}]}}