{"id":87,"date":"2023-11-16T20:38:47","date_gmt":"2023-11-16T20:38:47","guid":{"rendered":"https:\/\/hulyyou.de\/finanzen-boerse.de\/?page_id=87"},"modified":"2023-11-16T20:46:10","modified_gmt":"2023-11-16T20:46:10","slug":"armour-residential-reit","status":"publish","type":"page","link":"https:\/\/hulyyou.de\/finanzen-boerse.de\/armour-residential-reit\/","title":{"rendered":"ARMOUR Residential REIT"},"content":{"rendered":"\n<p><strong> Quartalszahlen f\u00fcr das dritte Quartal 2023 entt\u00e4uschen<\/strong><\/p>\n\n\n\n<p><strong>Landsberg am Lech, 16. November 2023<\/strong> &#8211; Der US-amerikanische Immobilieninvestmenttrust ARMOUR Residential REIT hat heute seine Quartalszahlen f\u00fcr das dritte Quartal 2023 ver\u00f6ffentlicht. Die Ergebnisse waren entt\u00e4uschend, da das Unternehmen einen erheblichen Verlust erwirtschaftete und der verw\u00e4sserte Verlust pro Aktie deutlich stieg.<\/p>\n\n\n\n<p><strong>Umsatz und Gewinn sinken<\/strong><\/p>\n\n\n\n<p>Der Umsatz des Unternehmens im dritten Quartal stieg leicht auf 34,7 Millionen US-Dollar (Vorjahr: 34,2 Millionen US-Dollar). Der Nettoverlust hingegen vervielfachte sich auf 179,17 Millionen US-Dollar (Vorjahr: 144,32 Millionen US-Dollar). Der verw\u00e4sserte Verlust pro Aktie betrug 3,92 US-Dollar (Vorjahr: 5,98 US-Dollar).<\/p>\n\n\n\n<p><strong>Zinss\u00e4tze belasten<\/strong><\/p>\n\n\n\n<p>Die entt\u00e4uschenden Ergebnisse sind vor allem auf die steigenden Zinss\u00e4tze zur\u00fcckzuf\u00fchren. Diese machen es f\u00fcr Kreditnehmer schwieriger, Hypotheken zu finanzieren, was sich negativ auf die Nachfrage nach Hypotheken und damit auch auf die Einnahmen von ARMOUR Residential REIT auswirkt. Dar\u00fcber hinaus ist das Unternehmen mit einem hohen Schuldenstand belastet, was seine Widerstandsf\u00e4higkeit gegen\u00fcber Zins\u00e4nderungen verringert.<\/p>\n\n\n\n<p><strong>Ausblick<\/strong><\/p>\n\n\n\n<p>ARMOUR Residential REIT erwartet, dass die Zinss\u00e4tze in den kommenden Monaten weiter steigen werden. Dies k\u00f6nnte sich negativ auf die Nachfrage nach Hypotheken und damit auch auf die Einnahmen des Unternehmens auswirken. Das Unternehmen hat jedoch angek\u00fcndigt, seine Kosten zu senken, um die Auswirkungen der Zinserh\u00f6hungen abzufedern.<\/p>\n\n\n\n<p><strong>Analyse<\/strong><\/p>\n\n\n\n<p>Die Quartalszahlen von ARMOUR Residential REIT sind ein deutliches Zeichen daf\u00fcr, dass der Immobilienmarkt in den USA unter Druck steht. Die steigenden Zinss\u00e4tze machen es f\u00fcr Kreditnehmer schwieriger, Hypotheken zu finanzieren, was sich negativ auf die Nachfrage nach Wohnimmobilien auswirkt. Dies k\u00f6nnte sich auch auf andere Immobilienunternehmen auswirken, die auf Hypothekengesch\u00e4fte angewiesen sind.<\/p>\n\n\n\n<p><strong>Fazit<\/strong><\/p>\n\n\n\n<p>Die Quartalszahlen von ARMOUR Residential REIT sind entt\u00e4uschend und deuten auf eine schwierige Zukunft f\u00fcr das Unternehmen hin. Die steigenden Zinss\u00e4tze k\u00f6nnten sich negativ auf die Nachfrage nach Hypotheken und damit auch auf die Einnahmen des Unternehmens auswirken. Dar\u00fcber hinaus ist das Unternehmen mit einem hohen Schuldenstand belastet, was seine Widerstandsf\u00e4higkeit gegen\u00fcber Zins\u00e4nderungen verringert.<\/p>\n\n\n\n<p><strong><a href=\"https:\/\/hulyyou.de\/finanzen-boerse.de\/\">Risikohinweis<\/a><\/strong><\/p>\n\n\n\n<p>Investitionen sind mit Risiken verbunden. Die Hulyyou \u00fcbernimmt keine Gew\u00e4hrleistung f\u00fcr die Vollst\u00e4ndigkeit und Richtigkeit der bereitgestellten Informationen. Die Informationen dienen lediglich der allgemeinen Information und sollten nicht als alleinige Grundlage f\u00fcr Anlageentscheidungen herangezogen werden.<\/p>\n","protected":false},"excerpt":{"rendered":"<p>Quartalszahlen f\u00fcr das dritte Quartal 2023 entt\u00e4uschen Landsberg am Lech, 16. November 2023 &#8211; Der US-amerikanische Immobilieninvestmenttrust ARMOUR Residential REIT hat heute seine Quartalszahlen f\u00fcr das dritte Quartal 2023 ver\u00f6ffentlicht. Die Ergebnisse waren entt\u00e4uschend, da das Unternehmen einen erheblichen Verlust erwirtschaftete und der verw\u00e4sserte Verlust pro Aktie deutlich stieg. Umsatz und Gewinn sinken Der Umsatz [&hellip;]<\/p>\n","protected":false},"author":1,"featured_media":0,"parent":0,"menu_order":0,"comment_status":"closed","ping_status":"closed","template":"","meta":{"iawp_total_views":13,"footnotes":""},"class_list":["post-87","page","type-page","status-publish","hentry"],"yoast_head":"<!-- This site is optimized with the Yoast SEO plugin v26.7 - https:\/\/yoast.com\/wordpress\/plugins\/seo\/ -->\n<title>ARMOUR Residential REIT - Finanzen B\u00f6rse<\/title>\n<meta name=\"description\" content=\"Der US-amerikanische Immobilieninvestmenttrust ARMOUR Residential hat heute seine Quartalszahlen f\u00fcr das dritte Quartal 2023 ver\u00f6ffentlicht.\" \/>\n<meta name=\"robots\" content=\"index, follow, max-snippet:-1, max-image-preview:large, max-video-preview:-1\" \/>\n<link rel=\"canonical\" href=\"https:\/\/hulyyou.de\/finanzen-boerse.de\/armour-residential-reit\/\" \/>\n<meta property=\"og:locale\" content=\"de_DE\" \/>\n<meta property=\"og:type\" content=\"article\" \/>\n<meta property=\"og:title\" content=\"ARMOUR Residential REIT - Finanzen B\u00f6rse\" \/>\n<meta property=\"og:description\" content=\"Der US-amerikanische Immobilieninvestmenttrust ARMOUR Residential hat heute seine Quartalszahlen f\u00fcr das dritte Quartal 2023 ver\u00f6ffentlicht.\" \/>\n<meta property=\"og:url\" content=\"https:\/\/hulyyou.de\/finanzen-boerse.de\/armour-residential-reit\/\" \/>\n<meta property=\"og:site_name\" content=\"Finanzen B\u00f6rse\" \/>\n<meta property=\"article:modified_time\" content=\"2023-11-16T20:46:10+00:00\" \/>\n<meta name=\"twitter:card\" content=\"summary_large_image\" \/>\n<meta name=\"twitter:label1\" content=\"Gesch\u00e4tzte Lesezeit\" \/>\n\t<meta name=\"twitter:data1\" content=\"2\u00a0Minuten\" \/>\n<script type=\"application\/ld+json\" class=\"yoast-schema-graph\">{\"@context\":\"https:\/\/schema.org\",\"@graph\":[{\"@type\":\"WebPage\",\"@id\":\"https:\/\/hulyyou.de\/finanzen-boerse.de\/armour-residential-reit\/\",\"url\":\"https:\/\/hulyyou.de\/finanzen-boerse.de\/armour-residential-reit\/\",\"name\":\"ARMOUR Residential REIT - Finanzen B\u00f6rse\",\"isPartOf\":{\"@id\":\"https:\/\/hulyyou.de\/finanzen-boerse.de\/#website\"},\"datePublished\":\"2023-11-16T20:38:47+00:00\",\"dateModified\":\"2023-11-16T20:46:10+00:00\",\"description\":\"Der US-amerikanische Immobilieninvestmenttrust ARMOUR Residential hat heute seine Quartalszahlen f\u00fcr das dritte Quartal 2023 ver\u00f6ffentlicht.\",\"breadcrumb\":{\"@id\":\"https:\/\/hulyyou.de\/finanzen-boerse.de\/armour-residential-reit\/#breadcrumb\"},\"inLanguage\":\"de\",\"potentialAction\":[{\"@type\":\"ReadAction\",\"target\":[\"https:\/\/hulyyou.de\/finanzen-boerse.de\/armour-residential-reit\/\"]}]},{\"@type\":\"BreadcrumbList\",\"@id\":\"https:\/\/hulyyou.de\/finanzen-boerse.de\/armour-residential-reit\/#breadcrumb\",\"itemListElement\":[{\"@type\":\"ListItem\",\"position\":1,\"name\":\"Startseite\",\"item\":\"https:\/\/hulyyou.de\/finanzen-boerse.de\/\"},{\"@type\":\"ListItem\",\"position\":2,\"name\":\"ARMOUR Residential REIT\"}]},{\"@type\":\"WebSite\",\"@id\":\"https:\/\/hulyyou.de\/finanzen-boerse.de\/#website\",\"url\":\"https:\/\/hulyyou.de\/finanzen-boerse.de\/\",\"name\":\"Finanzen B\u00f6rse\",\"description\":\"Finanzen Wirtschaft\",\"potentialAction\":[{\"@type\":\"SearchAction\",\"target\":{\"@type\":\"EntryPoint\",\"urlTemplate\":\"https:\/\/hulyyou.de\/finanzen-boerse.de\/?s={search_term_string}\"},\"query-input\":{\"@type\":\"PropertyValueSpecification\",\"valueRequired\":true,\"valueName\":\"search_term_string\"}}],\"inLanguage\":\"de\"}]}<\/script>\n<!-- \/ Yoast SEO plugin. -->","yoast_head_json":{"title":"ARMOUR Residential REIT - Finanzen B\u00f6rse","description":"Der US-amerikanische Immobilieninvestmenttrust ARMOUR Residential hat heute seine Quartalszahlen f\u00fcr das dritte Quartal 2023 ver\u00f6ffentlicht.","robots":{"index":"index","follow":"follow","max-snippet":"max-snippet:-1","max-image-preview":"max-image-preview:large","max-video-preview":"max-video-preview:-1"},"canonical":"https:\/\/hulyyou.de\/finanzen-boerse.de\/armour-residential-reit\/","og_locale":"de_DE","og_type":"article","og_title":"ARMOUR Residential REIT - Finanzen B\u00f6rse","og_description":"Der US-amerikanische Immobilieninvestmenttrust ARMOUR Residential hat heute seine Quartalszahlen f\u00fcr das dritte Quartal 2023 ver\u00f6ffentlicht.","og_url":"https:\/\/hulyyou.de\/finanzen-boerse.de\/armour-residential-reit\/","og_site_name":"Finanzen B\u00f6rse","article_modified_time":"2023-11-16T20:46:10+00:00","twitter_card":"summary_large_image","twitter_misc":{"Gesch\u00e4tzte Lesezeit":"2\u00a0Minuten"},"schema":{"@context":"https:\/\/schema.org","@graph":[{"@type":"WebPage","@id":"https:\/\/hulyyou.de\/finanzen-boerse.de\/armour-residential-reit\/","url":"https:\/\/hulyyou.de\/finanzen-boerse.de\/armour-residential-reit\/","name":"ARMOUR Residential REIT - Finanzen B\u00f6rse","isPartOf":{"@id":"https:\/\/hulyyou.de\/finanzen-boerse.de\/#website"},"datePublished":"2023-11-16T20:38:47+00:00","dateModified":"2023-11-16T20:46:10+00:00","description":"Der US-amerikanische Immobilieninvestmenttrust ARMOUR Residential hat heute seine Quartalszahlen f\u00fcr das dritte Quartal 2023 ver\u00f6ffentlicht.","breadcrumb":{"@id":"https:\/\/hulyyou.de\/finanzen-boerse.de\/armour-residential-reit\/#breadcrumb"},"inLanguage":"de","potentialAction":[{"@type":"ReadAction","target":["https:\/\/hulyyou.de\/finanzen-boerse.de\/armour-residential-reit\/"]}]},{"@type":"BreadcrumbList","@id":"https:\/\/hulyyou.de\/finanzen-boerse.de\/armour-residential-reit\/#breadcrumb","itemListElement":[{"@type":"ListItem","position":1,"name":"Startseite","item":"https:\/\/hulyyou.de\/finanzen-boerse.de\/"},{"@type":"ListItem","position":2,"name":"ARMOUR Residential REIT"}]},{"@type":"WebSite","@id":"https:\/\/hulyyou.de\/finanzen-boerse.de\/#website","url":"https:\/\/hulyyou.de\/finanzen-boerse.de\/","name":"Finanzen B\u00f6rse","description":"Finanzen Wirtschaft","potentialAction":[{"@type":"SearchAction","target":{"@type":"EntryPoint","urlTemplate":"https:\/\/hulyyou.de\/finanzen-boerse.de\/?s={search_term_string}"},"query-input":{"@type":"PropertyValueSpecification","valueRequired":true,"valueName":"search_term_string"}}],"inLanguage":"de"}]}},"_links":{"self":[{"href":"https:\/\/hulyyou.de\/finanzen-boerse.de\/wp-json\/wp\/v2\/pages\/87","targetHints":{"allow":["GET"]}}],"collection":[{"href":"https:\/\/hulyyou.de\/finanzen-boerse.de\/wp-json\/wp\/v2\/pages"}],"about":[{"href":"https:\/\/hulyyou.de\/finanzen-boerse.de\/wp-json\/wp\/v2\/types\/page"}],"author":[{"embeddable":true,"href":"https:\/\/hulyyou.de\/finanzen-boerse.de\/wp-json\/wp\/v2\/users\/1"}],"replies":[{"embeddable":true,"href":"https:\/\/hulyyou.de\/finanzen-boerse.de\/wp-json\/wp\/v2\/comments?post=87"}],"version-history":[{"count":2,"href":"https:\/\/hulyyou.de\/finanzen-boerse.de\/wp-json\/wp\/v2\/pages\/87\/revisions"}],"predecessor-version":[{"id":92,"href":"https:\/\/hulyyou.de\/finanzen-boerse.de\/wp-json\/wp\/v2\/pages\/87\/revisions\/92"}],"wp:attachment":[{"href":"https:\/\/hulyyou.de\/finanzen-boerse.de\/wp-json\/wp\/v2\/media?parent=87"}],"curies":[{"name":"wp","href":"https:\/\/api.w.org\/{rel}","templated":true}]}}