{"id":50,"date":"2023-11-09T21:02:44","date_gmt":"2023-11-09T21:02:44","guid":{"rendered":"https:\/\/hulyyou.de\/finanzen-boerse.de\/?page_id=50"},"modified":"2023-11-09T21:28:35","modified_gmt":"2023-11-09T21:28:35","slug":"impressum","status":"publish","type":"page","link":"https:\/\/hulyyou.de\/finanzen-boerse.de\/sample-page\/impressum\/","title":{"rendered":"IMPRESSUM"},"content":{"rendered":"\n<!DOCTYPE html>\n<html lang=\"de\">\n<head>\n    <meta charset=\"UTF-8\">\n    <meta name=\"viewport\" content=\"width=device-width, initial-scale=1.0\">\n    <title>Impressum<\/title>\n<\/head>\n<body>\n\n<h1>Impressum<\/h1>\n<p>Verantwortlicher gem\u00e4\u00df \u00a7 55 Abs. 2 RStV: Stefan Thomas<\/p>\n\n<address>\n    <p>Stefan Thomas<br>\n    Hulyou-finanzen-boerse<br>\n    Israel Beker Str. 5B<br>\n    Telefon: +49 (0) 1525 2653651<br>\n    E-Mail: <a href=\"mailto:stthomas66@gmail.com\">stthomas66@gmail.com<\/a><\/p>\n<\/address>\n\n<\/body>\n<\/html>\n\n\n\n<!DOCTYPE html>\n<html lang=\"de\">\n<head>\n    <meta charset=\"UTF-8\">\n    <meta name=\"viewport\" content=\"width=device-width, initial-scale=1.0\">\n    <title>Werbung auf hulyyou.de\/finanzen-boerse.de<\/title>\n<\/head>\n<body>\n\n<h1>Werben auf hulyyou.de\/finanzen-boerse.de<\/h1>\n\n<p>Ihre Zielgruppe erreicht<\/p>\n<p>Hulyyou.de\/finanzen-boerse.de sind zwei der f\u00fchrenden deutschsprachigen Websites f\u00fcr Finanzen und B\u00f6rse. Mit \u00fcber 10 Millionen Unique Visitors pro Monat erreichen Sie hier Ihre Zielgruppe gezielt und effektiv.<\/p>\n\n<p>Vielf\u00e4ltige Werbem\u00f6glichkeiten<\/p>\n<p>Wir bieten Ihnen eine Vielzahl von Werbem\u00f6glichkeiten, um Ihre Zielgruppe zu erreichen. Ob Bannerwerbung, native Advertising oder Content Marketing \u2013 wir finden die passende L\u00f6sung f\u00fcr Ihre Ziele.<\/p>\n\n<p>Kontaktieren Sie uns<\/p>\n<p>F\u00fcr alle Fragen bez\u00fcglich Online-Werbung wenden Sie sich bitte an einen unserer Ansprechpartner. Wir beraten Sie gerne und erstellen Ihnen ein individuelles Angebot.<\/p>\n\n<\/body>\n<\/html>\n\n","protected":false},"excerpt":{"rendered":"<p>Impressum Impressum Verantwortlicher gem\u00e4\u00df \u00a7 55 Abs. 2 RStV: Stefan Thomas Stefan Thomas Hulyou-finanzen-boerse Israel Beker Str. 5B Telefon: +49 (0) 1525 2653651 E-Mail: stthomas66@gmail.com Werbung auf hulyyou.de\/finanzen-boerse.de Werben auf hulyyou.de\/finanzen-boerse.de Ihre Zielgruppe erreicht Hulyyou.de\/finanzen-boerse.de sind zwei der f\u00fchrenden deutschsprachigen Websites f\u00fcr Finanzen und B\u00f6rse. Mit \u00fcber 10 Millionen Unique Visitors pro Monat erreichen Sie [&hellip;]<\/p>\n","protected":false},"author":1,"featured_media":0,"parent":2,"menu_order":0,"comment_status":"closed","ping_status":"closed","template":"","meta":{"iawp_total_views":22,"footnotes":""},"class_list":["post-50","page","type-page","status-publish","hentry"],"yoast_head":"<!-- This site is optimized with the Yoast SEO plugin v27.4 - https:\/\/yoast.com\/product\/yoast-seo-wordpress\/ -->\n<title>IMPRESSUM - Finanzen B\u00f6rse<\/title>\n<meta name=\"robots\" content=\"index, follow, max-snippet:-1, max-image-preview:large, max-video-preview:-1\" \/>\n<link rel=\"canonical\" href=\"https:\/\/hulyyou.de\/finanzen-boerse.de\/sample-page\/impressum\/\" \/>\n<meta property=\"og:locale\" content=\"de_DE\" \/>\n<meta property=\"og:type\" content=\"article\" \/>\n<meta property=\"og:title\" content=\"IMPRESSUM - Finanzen B\u00f6rse\" \/>\n<meta property=\"og:description\" content=\"Impressum Impressum Verantwortlicher gem\u00e4\u00df \u00a7 55 Abs. 2 RStV: Stefan Thomas Stefan Thomas Hulyou-finanzen-boerse Israel Beker Str. 5B Telefon: +49 (0) 1525 2653651 E-Mail: stthomas66@gmail.com Werbung auf hulyyou.de\/finanzen-boerse.de Werben auf hulyyou.de\/finanzen-boerse.de Ihre Zielgruppe erreicht Hulyyou.de\/finanzen-boerse.de sind zwei der f\u00fchrenden deutschsprachigen Websites f\u00fcr Finanzen und B\u00f6rse. Mit \u00fcber 10 Millionen Unique Visitors pro Monat erreichen Sie [&hellip;]\" \/>\n<meta property=\"og:url\" content=\"https:\/\/hulyyou.de\/finanzen-boerse.de\/sample-page\/impressum\/\" \/>\n<meta property=\"og:site_name\" content=\"Finanzen B\u00f6rse\" \/>\n<meta property=\"article:modified_time\" content=\"2023-11-09T21:28:35+00:00\" \/>\n<meta name=\"twitter:card\" content=\"summary_large_image\" \/>\n<meta name=\"twitter:label1\" content=\"Gesch\u00e4tzte Lesezeit\" \/>\n\t<meta name=\"twitter:data1\" content=\"1\u00a0Minute\" \/>\n<script type=\"application\/ld+json\" class=\"yoast-schema-graph\">{\"@context\":\"https:\\\/\\\/schema.org\",\"@graph\":[{\"@type\":\"WebPage\",\"@id\":\"https:\\\/\\\/hulyyou.de\\\/finanzen-boerse.de\\\/sample-page\\\/impressum\\\/\",\"url\":\"https:\\\/\\\/hulyyou.de\\\/finanzen-boerse.de\\\/sample-page\\\/impressum\\\/\",\"name\":\"IMPRESSUM - Finanzen B\u00f6rse\",\"isPartOf\":{\"@id\":\"https:\\\/\\\/hulyyou.de\\\/finanzen-boerse.de\\\/#website\"},\"datePublished\":\"2023-11-09T21:02:44+00:00\",\"dateModified\":\"2023-11-09T21:28:35+00:00\",\"breadcrumb\":{\"@id\":\"https:\\\/\\\/hulyyou.de\\\/finanzen-boerse.de\\\/sample-page\\\/impressum\\\/#breadcrumb\"},\"inLanguage\":\"de\",\"potentialAction\":[{\"@type\":\"ReadAction\",\"target\":[\"https:\\\/\\\/hulyyou.de\\\/finanzen-boerse.de\\\/sample-page\\\/impressum\\\/\"]}]},{\"@type\":\"BreadcrumbList\",\"@id\":\"https:\\\/\\\/hulyyou.de\\\/finanzen-boerse.de\\\/sample-page\\\/impressum\\\/#breadcrumb\",\"itemListElement\":[{\"@type\":\"ListItem\",\"position\":1,\"name\":\"Startseite\",\"item\":\"https:\\\/\\\/hulyyou.de\\\/finanzen-boerse.de\\\/\"},{\"@type\":\"ListItem\",\"position\":2,\"name\":\"Datenschutz\",\"item\":\"https:\\\/\\\/hulyyou.de\\\/finanzen-boerse.de\\\/sample-page\\\/\"},{\"@type\":\"ListItem\",\"position\":3,\"name\":\"IMPRESSUM\"}]},{\"@type\":\"WebSite\",\"@id\":\"https:\\\/\\\/hulyyou.de\\\/finanzen-boerse.de\\\/#website\",\"url\":\"https:\\\/\\\/hulyyou.de\\\/finanzen-boerse.de\\\/\",\"name\":\"Finanzen B\u00f6rse\",\"description\":\"Finanzen Wirtschaft\",\"potentialAction\":[{\"@type\":\"SearchAction\",\"target\":{\"@type\":\"EntryPoint\",\"urlTemplate\":\"https:\\\/\\\/hulyyou.de\\\/finanzen-boerse.de\\\/?s={search_term_string}\"},\"query-input\":{\"@type\":\"PropertyValueSpecification\",\"valueRequired\":true,\"valueName\":\"search_term_string\"}}],\"inLanguage\":\"de\"}]}<\/script>\n<!-- \/ Yoast SEO plugin. -->","yoast_head_json":{"title":"IMPRESSUM - Finanzen B\u00f6rse","robots":{"index":"index","follow":"follow","max-snippet":"max-snippet:-1","max-image-preview":"max-image-preview:large","max-video-preview":"max-video-preview:-1"},"canonical":"https:\/\/hulyyou.de\/finanzen-boerse.de\/sample-page\/impressum\/","og_locale":"de_DE","og_type":"article","og_title":"IMPRESSUM - Finanzen B\u00f6rse","og_description":"Impressum Impressum Verantwortlicher gem\u00e4\u00df \u00a7 55 Abs. 2 RStV: Stefan Thomas Stefan Thomas Hulyou-finanzen-boerse Israel Beker Str. 5B Telefon: +49 (0) 1525 2653651 E-Mail: stthomas66@gmail.com Werbung auf hulyyou.de\/finanzen-boerse.de Werben auf hulyyou.de\/finanzen-boerse.de Ihre Zielgruppe erreicht Hulyyou.de\/finanzen-boerse.de sind zwei der f\u00fchrenden deutschsprachigen Websites f\u00fcr Finanzen und B\u00f6rse. Mit \u00fcber 10 Millionen Unique Visitors pro Monat erreichen Sie [&hellip;]","og_url":"https:\/\/hulyyou.de\/finanzen-boerse.de\/sample-page\/impressum\/","og_site_name":"Finanzen B\u00f6rse","article_modified_time":"2023-11-09T21:28:35+00:00","twitter_card":"summary_large_image","twitter_misc":{"Gesch\u00e4tzte Lesezeit":"1\u00a0Minute"},"schema":{"@context":"https:\/\/schema.org","@graph":[{"@type":"WebPage","@id":"https:\/\/hulyyou.de\/finanzen-boerse.de\/sample-page\/impressum\/","url":"https:\/\/hulyyou.de\/finanzen-boerse.de\/sample-page\/impressum\/","name":"IMPRESSUM - Finanzen B\u00f6rse","isPartOf":{"@id":"https:\/\/hulyyou.de\/finanzen-boerse.de\/#website"},"datePublished":"2023-11-09T21:02:44+00:00","dateModified":"2023-11-09T21:28:35+00:00","breadcrumb":{"@id":"https:\/\/hulyyou.de\/finanzen-boerse.de\/sample-page\/impressum\/#breadcrumb"},"inLanguage":"de","potentialAction":[{"@type":"ReadAction","target":["https:\/\/hulyyou.de\/finanzen-boerse.de\/sample-page\/impressum\/"]}]},{"@type":"BreadcrumbList","@id":"https:\/\/hulyyou.de\/finanzen-boerse.de\/sample-page\/impressum\/#breadcrumb","itemListElement":[{"@type":"ListItem","position":1,"name":"Startseite","item":"https:\/\/hulyyou.de\/finanzen-boerse.de\/"},{"@type":"ListItem","position":2,"name":"Datenschutz","item":"https:\/\/hulyyou.de\/finanzen-boerse.de\/sample-page\/"},{"@type":"ListItem","position":3,"name":"IMPRESSUM"}]},{"@type":"WebSite","@id":"https:\/\/hulyyou.de\/finanzen-boerse.de\/#website","url":"https:\/\/hulyyou.de\/finanzen-boerse.de\/","name":"Finanzen B\u00f6rse","description":"Finanzen Wirtschaft","potentialAction":[{"@type":"SearchAction","target":{"@type":"EntryPoint","urlTemplate":"https:\/\/hulyyou.de\/finanzen-boerse.de\/?s={search_term_string}"},"query-input":{"@type":"PropertyValueSpecification","valueRequired":true,"valueName":"search_term_string"}}],"inLanguage":"de"}]}},"_links":{"self":[{"href":"https:\/\/hulyyou.de\/finanzen-boerse.de\/wp-json\/wp\/v2\/pages\/50","targetHints":{"allow":["GET"]}}],"collection":[{"href":"https:\/\/hulyyou.de\/finanzen-boerse.de\/wp-json\/wp\/v2\/pages"}],"about":[{"href":"https:\/\/hulyyou.de\/finanzen-boerse.de\/wp-json\/wp\/v2\/types\/page"}],"author":[{"embeddable":true,"href":"https:\/\/hulyyou.de\/finanzen-boerse.de\/wp-json\/wp\/v2\/users\/1"}],"replies":[{"embeddable":true,"href":"https:\/\/hulyyou.de\/finanzen-boerse.de\/wp-json\/wp\/v2\/comments?post=50"}],"version-history":[{"count":3,"href":"https:\/\/hulyyou.de\/finanzen-boerse.de\/wp-json\/wp\/v2\/pages\/50\/revisions"}],"predecessor-version":[{"id":54,"href":"https:\/\/hulyyou.de\/finanzen-boerse.de\/wp-json\/wp\/v2\/pages\/50\/revisions\/54"}],"up":[{"embeddable":true,"href":"https:\/\/hulyyou.de\/finanzen-boerse.de\/wp-json\/wp\/v2\/pages\/2"}],"wp:attachment":[{"href":"https:\/\/hulyyou.de\/finanzen-boerse.de\/wp-json\/wp\/v2\/media?parent=50"}],"curies":[{"name":"wp","href":"https:\/\/api.w.org\/{rel}","templated":true}]}}