{"id":383,"date":"2024-01-14T12:37:53","date_gmt":"2024-01-14T12:37:53","guid":{"rendered":"https:\/\/hulyyou.de\/finanzen-boerse.de\/?page_id=383"},"modified":"2024-01-14T12:37:54","modified_gmt":"2024-01-14T12:37:54","slug":"xetra-boerse-frankfurt","status":"publish","type":"page","link":"https:\/\/hulyyou.de\/finanzen-boerse.de\/xetra-boerse-frankfurt\/","title":{"rendered":"Xetra B\u00f6rse Frankfurt"},"content":{"rendered":"\n<ul class=\"wp-block-list\">\n<li><strong>Adresse:<\/strong> B\u00f6rsenplatz 4, 60313 Frankfurt am Main, Deutschland<\/li>\n\n\n\n<li><strong>Telefonnummer:<\/strong> Die Telefonnummer kann sich \u00e4ndern, daher empfehle ich, die offizielle Website von Xetra oder der Deutschen B\u00f6rse zu \u00fcberpr\u00fcfen oder direkt mit ihnen Kontakt aufzunehmen, um die aktuelle Telefonnummer zu erhalten.<\/li>\n\n\n\n<li><strong>\u00d6ffnungszeiten:<\/strong> Die allgemeinen \u00d6ffnungszeiten von Xetra k\u00f6nnen variieren. Es ist ratsam, die offizielle Website zu konsultieren oder den Kundenservice zu kontaktieren, um genaue Informationen zu den \u00d6ffnungszeiten zu erhalten.<\/li>\n\n\n\n<li><strong>Handelszeiten:<\/strong> Xetra ist eine elektronische Handelsplattform, auf der der Handel w\u00e4hrend bestimmter Handelszeiten stattfindet. Diese Zeiten k\u00f6nnen je nach Instrument variieren.<\/li>\n\n\n\n<li><strong>Indizes:<\/strong> Xetra ist der Handelsplatz f\u00fcr verschiedene Indizes, darunter der DAX, MDAX, SDAX, TecDAX und viele andere. Diese Indizes repr\u00e4sentieren unterschiedliche Segmente des deutschen Aktienmarkts.<\/li>\n<\/ul>\n\n\n\n<p>Es ist wichtig zu beachten, dass sich diese Informationen \u00e4ndern k\u00f6nnen. F\u00fcr die aktuellsten und genauesten Informationen empfehle ich, die offizielle Website von Xetra oder der Deutschen B\u00f6rse zu konsultieren oder direkt Kontakt mit ihnen aufzunehmen.<\/p>\n","protected":false},"excerpt":{"rendered":"<p>Es ist wichtig zu beachten, dass sich diese Informationen \u00e4ndern k\u00f6nnen. F\u00fcr die aktuellsten und genauesten Informationen empfehle ich, die offizielle Website von Xetra oder der Deutschen B\u00f6rse zu konsultieren oder direkt Kontakt mit ihnen aufzunehmen.<\/p>\n","protected":false},"author":1,"featured_media":0,"parent":0,"menu_order":0,"comment_status":"closed","ping_status":"closed","template":"","meta":{"iawp_total_views":10,"footnotes":""},"class_list":["post-383","page","type-page","status-publish","hentry"],"yoast_head":"<!-- This site is optimized with the Yoast SEO plugin v26.7 - https:\/\/yoast.com\/wordpress\/plugins\/seo\/ -->\n<title>Xetra B\u00f6rse Frankfurt - Finanzen B\u00f6rse<\/title>\n<meta name=\"robots\" content=\"index, follow, max-snippet:-1, max-image-preview:large, max-video-preview:-1\" \/>\n<link rel=\"canonical\" href=\"https:\/\/hulyyou.de\/finanzen-boerse.de\/xetra-boerse-frankfurt\/\" \/>\n<meta property=\"og:locale\" content=\"de_DE\" \/>\n<meta property=\"og:type\" content=\"article\" \/>\n<meta property=\"og:title\" content=\"Xetra B\u00f6rse Frankfurt - Finanzen B\u00f6rse\" \/>\n<meta property=\"og:description\" content=\"Es ist wichtig zu beachten, dass sich diese Informationen \u00e4ndern k\u00f6nnen. F\u00fcr die aktuellsten und genauesten Informationen empfehle ich, die offizielle Website von Xetra oder der Deutschen B\u00f6rse zu konsultieren oder direkt Kontakt mit ihnen aufzunehmen.\" \/>\n<meta property=\"og:url\" content=\"https:\/\/hulyyou.de\/finanzen-boerse.de\/xetra-boerse-frankfurt\/\" \/>\n<meta property=\"og:site_name\" content=\"Finanzen B\u00f6rse\" \/>\n<meta property=\"article:modified_time\" content=\"2024-01-14T12:37:54+00:00\" \/>\n<meta name=\"twitter:card\" content=\"summary_large_image\" \/>\n<meta name=\"twitter:label1\" content=\"Gesch\u00e4tzte Lesezeit\" \/>\n\t<meta name=\"twitter:data1\" content=\"1\u00a0Minute\" \/>\n<script type=\"application\/ld+json\" class=\"yoast-schema-graph\">{\"@context\":\"https:\/\/schema.org\",\"@graph\":[{\"@type\":\"WebPage\",\"@id\":\"https:\/\/hulyyou.de\/finanzen-boerse.de\/xetra-boerse-frankfurt\/\",\"url\":\"https:\/\/hulyyou.de\/finanzen-boerse.de\/xetra-boerse-frankfurt\/\",\"name\":\"Xetra B\u00f6rse Frankfurt - Finanzen B\u00f6rse\",\"isPartOf\":{\"@id\":\"https:\/\/hulyyou.de\/finanzen-boerse.de\/#website\"},\"datePublished\":\"2024-01-14T12:37:53+00:00\",\"dateModified\":\"2024-01-14T12:37:54+00:00\",\"breadcrumb\":{\"@id\":\"https:\/\/hulyyou.de\/finanzen-boerse.de\/xetra-boerse-frankfurt\/#breadcrumb\"},\"inLanguage\":\"de\",\"potentialAction\":[{\"@type\":\"ReadAction\",\"target\":[\"https:\/\/hulyyou.de\/finanzen-boerse.de\/xetra-boerse-frankfurt\/\"]}]},{\"@type\":\"BreadcrumbList\",\"@id\":\"https:\/\/hulyyou.de\/finanzen-boerse.de\/xetra-boerse-frankfurt\/#breadcrumb\",\"itemListElement\":[{\"@type\":\"ListItem\",\"position\":1,\"name\":\"Startseite\",\"item\":\"https:\/\/hulyyou.de\/finanzen-boerse.de\/\"},{\"@type\":\"ListItem\",\"position\":2,\"name\":\"Xetra B\u00f6rse Frankfurt\"}]},{\"@type\":\"WebSite\",\"@id\":\"https:\/\/hulyyou.de\/finanzen-boerse.de\/#website\",\"url\":\"https:\/\/hulyyou.de\/finanzen-boerse.de\/\",\"name\":\"Finanzen B\u00f6rse\",\"description\":\"Finanzen Wirtschaft\",\"potentialAction\":[{\"@type\":\"SearchAction\",\"target\":{\"@type\":\"EntryPoint\",\"urlTemplate\":\"https:\/\/hulyyou.de\/finanzen-boerse.de\/?s={search_term_string}\"},\"query-input\":{\"@type\":\"PropertyValueSpecification\",\"valueRequired\":true,\"valueName\":\"search_term_string\"}}],\"inLanguage\":\"de\"}]}<\/script>\n<!-- \/ Yoast SEO plugin. -->","yoast_head_json":{"title":"Xetra B\u00f6rse Frankfurt - Finanzen B\u00f6rse","robots":{"index":"index","follow":"follow","max-snippet":"max-snippet:-1","max-image-preview":"max-image-preview:large","max-video-preview":"max-video-preview:-1"},"canonical":"https:\/\/hulyyou.de\/finanzen-boerse.de\/xetra-boerse-frankfurt\/","og_locale":"de_DE","og_type":"article","og_title":"Xetra B\u00f6rse Frankfurt - Finanzen B\u00f6rse","og_description":"Es ist wichtig zu beachten, dass sich diese Informationen \u00e4ndern k\u00f6nnen. F\u00fcr die aktuellsten und genauesten Informationen empfehle ich, die offizielle Website von Xetra oder der Deutschen B\u00f6rse zu konsultieren oder direkt Kontakt mit ihnen aufzunehmen.","og_url":"https:\/\/hulyyou.de\/finanzen-boerse.de\/xetra-boerse-frankfurt\/","og_site_name":"Finanzen B\u00f6rse","article_modified_time":"2024-01-14T12:37:54+00:00","twitter_card":"summary_large_image","twitter_misc":{"Gesch\u00e4tzte Lesezeit":"1\u00a0Minute"},"schema":{"@context":"https:\/\/schema.org","@graph":[{"@type":"WebPage","@id":"https:\/\/hulyyou.de\/finanzen-boerse.de\/xetra-boerse-frankfurt\/","url":"https:\/\/hulyyou.de\/finanzen-boerse.de\/xetra-boerse-frankfurt\/","name":"Xetra B\u00f6rse Frankfurt - Finanzen B\u00f6rse","isPartOf":{"@id":"https:\/\/hulyyou.de\/finanzen-boerse.de\/#website"},"datePublished":"2024-01-14T12:37:53+00:00","dateModified":"2024-01-14T12:37:54+00:00","breadcrumb":{"@id":"https:\/\/hulyyou.de\/finanzen-boerse.de\/xetra-boerse-frankfurt\/#breadcrumb"},"inLanguage":"de","potentialAction":[{"@type":"ReadAction","target":["https:\/\/hulyyou.de\/finanzen-boerse.de\/xetra-boerse-frankfurt\/"]}]},{"@type":"BreadcrumbList","@id":"https:\/\/hulyyou.de\/finanzen-boerse.de\/xetra-boerse-frankfurt\/#breadcrumb","itemListElement":[{"@type":"ListItem","position":1,"name":"Startseite","item":"https:\/\/hulyyou.de\/finanzen-boerse.de\/"},{"@type":"ListItem","position":2,"name":"Xetra B\u00f6rse Frankfurt"}]},{"@type":"WebSite","@id":"https:\/\/hulyyou.de\/finanzen-boerse.de\/#website","url":"https:\/\/hulyyou.de\/finanzen-boerse.de\/","name":"Finanzen B\u00f6rse","description":"Finanzen Wirtschaft","potentialAction":[{"@type":"SearchAction","target":{"@type":"EntryPoint","urlTemplate":"https:\/\/hulyyou.de\/finanzen-boerse.de\/?s={search_term_string}"},"query-input":{"@type":"PropertyValueSpecification","valueRequired":true,"valueName":"search_term_string"}}],"inLanguage":"de"}]}},"_links":{"self":[{"href":"https:\/\/hulyyou.de\/finanzen-boerse.de\/wp-json\/wp\/v2\/pages\/383","targetHints":{"allow":["GET"]}}],"collection":[{"href":"https:\/\/hulyyou.de\/finanzen-boerse.de\/wp-json\/wp\/v2\/pages"}],"about":[{"href":"https:\/\/hulyyou.de\/finanzen-boerse.de\/wp-json\/wp\/v2\/types\/page"}],"author":[{"embeddable":true,"href":"https:\/\/hulyyou.de\/finanzen-boerse.de\/wp-json\/wp\/v2\/users\/1"}],"replies":[{"embeddable":true,"href":"https:\/\/hulyyou.de\/finanzen-boerse.de\/wp-json\/wp\/v2\/comments?post=383"}],"version-history":[{"count":2,"href":"https:\/\/hulyyou.de\/finanzen-boerse.de\/wp-json\/wp\/v2\/pages\/383\/revisions"}],"predecessor-version":[{"id":387,"href":"https:\/\/hulyyou.de\/finanzen-boerse.de\/wp-json\/wp\/v2\/pages\/383\/revisions\/387"}],"wp:attachment":[{"href":"https:\/\/hulyyou.de\/finanzen-boerse.de\/wp-json\/wp\/v2\/media?parent=383"}],"curies":[{"name":"wp","href":"https:\/\/api.w.org\/{rel}","templated":true}]}}