{"id":195,"date":"2023-11-28T14:57:08","date_gmt":"2023-11-28T14:57:08","guid":{"rendered":"https:\/\/hulyyou.de\/finanzen-boerse.de\/?page_id=195"},"modified":"2023-11-28T14:57:09","modified_gmt":"2023-11-28T14:57:09","slug":"gladstone-investment-corporation","status":"publish","type":"page","link":"https:\/\/hulyyou.de\/finanzen-boerse.de\/gladstone-investment-corporation\/","title":{"rendered":"Gladstone Investment Corporation"},"content":{"rendered":"\n<p>Gladstone Investment Corporation ist eine Business Development Company (BDC) mit dem Schwerpunkt auf Investitionen in mittelst\u00e4ndische Unternehmen. BDCs sind in der Regel auf die Finanzierung und Unterst\u00fctzung von kleinen und mittelst\u00e4ndischen Unternehmen spezialisiert. Die Art und Weise, wie Gladstone Investment Geld verdient, basiert auf verschiedenen Finanzinstrumenten und Investitionen. Hier sind einige der M\u00f6glichkeiten:<\/p>\n\n\n\n<ol class=\"wp-block-list\">\n<li><strong>Direkte Beteiligungen:<\/strong> Gladstone Investment investiert direkt in mittelst\u00e4ndische Unternehmen, indem es Eigenkapital oder Schulden bereitstellt. Diese Investitionen k\u00f6nnen dazu beitragen, dass die Unternehmen wachsen, sich entwickeln oder restrukturieren.<\/li>\n\n\n\n<li><strong>Dividenden und Zinszahlungen:<\/strong> Durch die Investition in Unternehmen erh\u00e4lt Gladstone Investment in der Regel regelm\u00e4\u00dfige Zahlungen in Form von Dividenden aus Eigenkapitalbeteiligungen oder Zinszahlungen aus Schuldtiteln.<\/li>\n\n\n\n<li><strong>Exit-Strategien:<\/strong> Gladstone Investment kann Geld verdienen, wenn die Unternehmen, an denen es beteiligt ist, erfolgreich verkauft oder an die B\u00f6rse gebracht werden. Der Verkauf von Beteiligungen an einem Unternehmen zu einem h\u00f6heren Preis als dem urspr\u00fcnglichen Investitionspreis f\u00fchrt zu Kapitalgewinnen.<\/li>\n\n\n\n<li><strong>Managementgeb\u00fchren und Geb\u00fchren:<\/strong> BDCs erheben oft Managementgeb\u00fchren f\u00fcr die Verwaltung des Portfolios und k\u00f6nnen auch Geb\u00fchren f\u00fcr den Erfolg (success fees) verdienen, wenn bestimmte Renditeziele erreicht werden.<\/li>\n<\/ol>\n\n\n\n<p>Es ist wichtig zu beachten, dass die genaue Gesch\u00e4ftsstrategie von Gladstone Investment im Laufe der Zeit variieren kann, und es w\u00e4re ratsam, die aktuellen Finanzberichte, Quartalsberichte und andere verf\u00fcgbare Unternehmensunterlagen f\u00fcr spezifische Informationen zu konsultieren.<\/p>\n","protected":false},"excerpt":{"rendered":"<p>Gladstone Investment Corporation ist eine Business Development Company (BDC) mit dem Schwerpunkt auf Investitionen in mittelst\u00e4ndische Unternehmen. BDCs sind in der Regel auf die Finanzierung und Unterst\u00fctzung von kleinen und mittelst\u00e4ndischen Unternehmen spezialisiert. Die Art und Weise, wie Gladstone Investment Geld verdient, basiert auf verschiedenen Finanzinstrumenten und Investitionen. Hier sind einige der M\u00f6glichkeiten: Es ist [&hellip;]<\/p>\n","protected":false},"author":1,"featured_media":0,"parent":0,"menu_order":0,"comment_status":"closed","ping_status":"closed","template":"","meta":{"iawp_total_views":9449,"footnotes":""},"class_list":["post-195","page","type-page","status-publish","hentry"],"yoast_head":"<!-- This site is optimized with the Yoast SEO plugin v26.7 - https:\/\/yoast.com\/wordpress\/plugins\/seo\/ -->\n<title>Gladstone Investment Corporation - Finanzen B\u00f6rse<\/title>\n<meta name=\"robots\" content=\"index, follow, max-snippet:-1, max-image-preview:large, max-video-preview:-1\" \/>\n<link rel=\"canonical\" href=\"https:\/\/hulyyou.de\/finanzen-boerse.de\/gladstone-investment-corporation\/\" \/>\n<meta property=\"og:locale\" content=\"de_DE\" \/>\n<meta property=\"og:type\" content=\"article\" \/>\n<meta property=\"og:title\" content=\"Gladstone Investment Corporation - Finanzen B\u00f6rse\" \/>\n<meta property=\"og:description\" content=\"Gladstone Investment Corporation ist eine Business Development Company (BDC) mit dem Schwerpunkt auf Investitionen in mittelst\u00e4ndische Unternehmen. BDCs sind in der Regel auf die Finanzierung und Unterst\u00fctzung von kleinen und mittelst\u00e4ndischen Unternehmen spezialisiert. Die Art und Weise, wie Gladstone Investment Geld verdient, basiert auf verschiedenen Finanzinstrumenten und Investitionen. Hier sind einige der M\u00f6glichkeiten: Es ist [&hellip;]\" \/>\n<meta property=\"og:url\" content=\"https:\/\/hulyyou.de\/finanzen-boerse.de\/gladstone-investment-corporation\/\" \/>\n<meta property=\"og:site_name\" content=\"Finanzen B\u00f6rse\" \/>\n<meta property=\"article:modified_time\" content=\"2023-11-28T14:57:09+00:00\" \/>\n<meta name=\"twitter:card\" content=\"summary_large_image\" \/>\n<meta name=\"twitter:label1\" content=\"Gesch\u00e4tzte Lesezeit\" \/>\n\t<meta name=\"twitter:data1\" content=\"1\u00a0Minute\" \/>\n<script type=\"application\/ld+json\" class=\"yoast-schema-graph\">{\"@context\":\"https:\/\/schema.org\",\"@graph\":[{\"@type\":\"WebPage\",\"@id\":\"https:\/\/hulyyou.de\/finanzen-boerse.de\/gladstone-investment-corporation\/\",\"url\":\"https:\/\/hulyyou.de\/finanzen-boerse.de\/gladstone-investment-corporation\/\",\"name\":\"Gladstone Investment Corporation - Finanzen B\u00f6rse\",\"isPartOf\":{\"@id\":\"https:\/\/hulyyou.de\/finanzen-boerse.de\/#website\"},\"datePublished\":\"2023-11-28T14:57:08+00:00\",\"dateModified\":\"2023-11-28T14:57:09+00:00\",\"breadcrumb\":{\"@id\":\"https:\/\/hulyyou.de\/finanzen-boerse.de\/gladstone-investment-corporation\/#breadcrumb\"},\"inLanguage\":\"de\",\"potentialAction\":[{\"@type\":\"ReadAction\",\"target\":[\"https:\/\/hulyyou.de\/finanzen-boerse.de\/gladstone-investment-corporation\/\"]}]},{\"@type\":\"BreadcrumbList\",\"@id\":\"https:\/\/hulyyou.de\/finanzen-boerse.de\/gladstone-investment-corporation\/#breadcrumb\",\"itemListElement\":[{\"@type\":\"ListItem\",\"position\":1,\"name\":\"Startseite\",\"item\":\"https:\/\/hulyyou.de\/finanzen-boerse.de\/\"},{\"@type\":\"ListItem\",\"position\":2,\"name\":\"Gladstone Investment Corporation\"}]},{\"@type\":\"WebSite\",\"@id\":\"https:\/\/hulyyou.de\/finanzen-boerse.de\/#website\",\"url\":\"https:\/\/hulyyou.de\/finanzen-boerse.de\/\",\"name\":\"Finanzen B\u00f6rse\",\"description\":\"Finanzen Wirtschaft\",\"potentialAction\":[{\"@type\":\"SearchAction\",\"target\":{\"@type\":\"EntryPoint\",\"urlTemplate\":\"https:\/\/hulyyou.de\/finanzen-boerse.de\/?s={search_term_string}\"},\"query-input\":{\"@type\":\"PropertyValueSpecification\",\"valueRequired\":true,\"valueName\":\"search_term_string\"}}],\"inLanguage\":\"de\"}]}<\/script>\n<!-- \/ Yoast SEO plugin. -->","yoast_head_json":{"title":"Gladstone Investment Corporation - Finanzen B\u00f6rse","robots":{"index":"index","follow":"follow","max-snippet":"max-snippet:-1","max-image-preview":"max-image-preview:large","max-video-preview":"max-video-preview:-1"},"canonical":"https:\/\/hulyyou.de\/finanzen-boerse.de\/gladstone-investment-corporation\/","og_locale":"de_DE","og_type":"article","og_title":"Gladstone Investment Corporation - Finanzen B\u00f6rse","og_description":"Gladstone Investment Corporation ist eine Business Development Company (BDC) mit dem Schwerpunkt auf Investitionen in mittelst\u00e4ndische Unternehmen. BDCs sind in der Regel auf die Finanzierung und Unterst\u00fctzung von kleinen und mittelst\u00e4ndischen Unternehmen spezialisiert. Die Art und Weise, wie Gladstone Investment Geld verdient, basiert auf verschiedenen Finanzinstrumenten und Investitionen. Hier sind einige der M\u00f6glichkeiten: Es ist [&hellip;]","og_url":"https:\/\/hulyyou.de\/finanzen-boerse.de\/gladstone-investment-corporation\/","og_site_name":"Finanzen B\u00f6rse","article_modified_time":"2023-11-28T14:57:09+00:00","twitter_card":"summary_large_image","twitter_misc":{"Gesch\u00e4tzte Lesezeit":"1\u00a0Minute"},"schema":{"@context":"https:\/\/schema.org","@graph":[{"@type":"WebPage","@id":"https:\/\/hulyyou.de\/finanzen-boerse.de\/gladstone-investment-corporation\/","url":"https:\/\/hulyyou.de\/finanzen-boerse.de\/gladstone-investment-corporation\/","name":"Gladstone Investment Corporation - Finanzen B\u00f6rse","isPartOf":{"@id":"https:\/\/hulyyou.de\/finanzen-boerse.de\/#website"},"datePublished":"2023-11-28T14:57:08+00:00","dateModified":"2023-11-28T14:57:09+00:00","breadcrumb":{"@id":"https:\/\/hulyyou.de\/finanzen-boerse.de\/gladstone-investment-corporation\/#breadcrumb"},"inLanguage":"de","potentialAction":[{"@type":"ReadAction","target":["https:\/\/hulyyou.de\/finanzen-boerse.de\/gladstone-investment-corporation\/"]}]},{"@type":"BreadcrumbList","@id":"https:\/\/hulyyou.de\/finanzen-boerse.de\/gladstone-investment-corporation\/#breadcrumb","itemListElement":[{"@type":"ListItem","position":1,"name":"Startseite","item":"https:\/\/hulyyou.de\/finanzen-boerse.de\/"},{"@type":"ListItem","position":2,"name":"Gladstone Investment Corporation"}]},{"@type":"WebSite","@id":"https:\/\/hulyyou.de\/finanzen-boerse.de\/#website","url":"https:\/\/hulyyou.de\/finanzen-boerse.de\/","name":"Finanzen B\u00f6rse","description":"Finanzen Wirtschaft","potentialAction":[{"@type":"SearchAction","target":{"@type":"EntryPoint","urlTemplate":"https:\/\/hulyyou.de\/finanzen-boerse.de\/?s={search_term_string}"},"query-input":{"@type":"PropertyValueSpecification","valueRequired":true,"valueName":"search_term_string"}}],"inLanguage":"de"}]}},"_links":{"self":[{"href":"https:\/\/hulyyou.de\/finanzen-boerse.de\/wp-json\/wp\/v2\/pages\/195","targetHints":{"allow":["GET"]}}],"collection":[{"href":"https:\/\/hulyyou.de\/finanzen-boerse.de\/wp-json\/wp\/v2\/pages"}],"about":[{"href":"https:\/\/hulyyou.de\/finanzen-boerse.de\/wp-json\/wp\/v2\/types\/page"}],"author":[{"embeddable":true,"href":"https:\/\/hulyyou.de\/finanzen-boerse.de\/wp-json\/wp\/v2\/users\/1"}],"replies":[{"embeddable":true,"href":"https:\/\/hulyyou.de\/finanzen-boerse.de\/wp-json\/wp\/v2\/comments?post=195"}],"version-history":[{"count":1,"href":"https:\/\/hulyyou.de\/finanzen-boerse.de\/wp-json\/wp\/v2\/pages\/195\/revisions"}],"predecessor-version":[{"id":198,"href":"https:\/\/hulyyou.de\/finanzen-boerse.de\/wp-json\/wp\/v2\/pages\/195\/revisions\/198"}],"wp:attachment":[{"href":"https:\/\/hulyyou.de\/finanzen-boerse.de\/wp-json\/wp\/v2\/media?parent=195"}],"curies":[{"name":"wp","href":"https:\/\/api.w.org\/{rel}","templated":true}]}}