{"id":161,"date":"2023-11-22T12:58:04","date_gmt":"2023-11-22T12:58:04","guid":{"rendered":"https:\/\/hulyyou.de\/finanzen-boerse.de\/?page_id=161"},"modified":"2023-12-01T16:17:29","modified_gmt":"2023-12-01T16:17:29","slug":"ams-osram-aktie-bricht-um-47-prozent-ein","status":"publish","type":"page","link":"https:\/\/hulyyou.de\/finanzen-boerse.de\/ams-osram-aktie-bricht-um-47-prozent-ein\/","title":{"rendered":"AMS Osram-Aktie bricht um 47 Prozent ein"},"content":{"rendered":"\n<p>Schwerwiegender Kurseinbruch bei AMS Osram: Die Aktien des Unternehmens verzeichnen am heutigen Mittwoch einen dramatischen R\u00fcckgang um 49,42 Prozent auf 1,47 Franken. Dieser markante R\u00fcckgang ist auf den Beginn des Handels der Bezugsrechte zur\u00fcckzuf\u00fchren, der bis zum 6. Dezember andauert.<\/p>\n\n\n\n<p>Das Sentiment gegen\u00fcber den AMS Osram-Aktien ist deutlich angeschlagen, vor allem aufgrund der Kritik am niedrigen Bezugspreis von 1,07 Franken f\u00fcr die Kapitalerh\u00f6hung. Ein H\u00e4ndler betont, dass dieses kritisierte Niveau das Vertrauen der Anleger ersch\u00fcttert hat. Es wird erwartet, dass das Handeln mit Bezugsrechten spekulativ genutzt wird, um weiteren Druck auf die Aktien auszu\u00fcben. Daher prognostiziert der Markt eine m\u00f6gliche Erholung der Aktien erst gegen Ende des Rechtehandels.<\/p>\n\n\n\n<p>Diese Entwicklung wirft ein Schlaglicht auf die Herausforderungen, denen AMS Osram derzeit gegen\u00fcbersteht, und unterstreicht die Bedeutung des laufenden Handels mit Bezugsrechten f\u00fcr die kurzfristige Kursentwicklung. Investoren sollten die Situation aufmerksam verfolgen, da sich das Sentiment m\u00f6glicherweise erst kurz vor Ende des Bezugsrechtehandels wieder stabilisiert.<\/p>\n\n\n\n<p><a href=\"https:\/\/hulyyou.de\/finanzen-boerse.de\/ams-osram-kurseinbruch-um-4942\/\">ams AG<\/a><br>ISIN AT0000A18XM4 | WKN A118Z8 | 22.11.2023 | 13:10<br>Aktienkurs der ams AG am 22. November 2023 um 13:42 Uhr CET wie folgt:<\/p>\n\n\n\n<p>Frankfurter B\u00f6rse: 1,53 EUR (-49,42 %)<br>Schweizer B\u00f6rse: 1,47 CHF (-49,42 %)<br><\/p>\n\n\n\n<a href=\"https:\/\/etoro.tw\/3pyGUGX\" target=\"_blank\" title=\"AMS Osram bei eToro handeln\" rel=\"noopener\">AMS Osram bei eToro handeln<\/a>\n\n\n\n<p><strong>AMS Osram ist ein \u00f6sterreichisches Unternehmen, <\/strong>das Sensorl\u00f6sungen, Sensor-ICs, Schnittstellen und Software entwickelt und herstellt. Das Unternehmen ist an den B\u00f6rsen in Frankfurt, Z\u00fcrich und New York notiert.<\/p>\n\n\n\n<p>Die Produkte finden in einer Vielzahl von Anwendungen Verwendung, darunter:<\/p>\n\n\n\n<p><strong>Automobilindustrie:<\/strong> AMS Osram liefert Sensoren f\u00fcr Anwendungen wie Fahrerassistenzsysteme, Beleuchtung und Konnektivit\u00e4t.<br>Industrie: Sensoren f\u00fcr Anwendungen wie Automatisierung, Robotik und Medizintechnik.<br><strong>Konsumg\u00fcter:<\/strong> AMS Osram liefert Sensoren f\u00fcr Anwendungen wie Wearables, Smart Home und Unterhaltungselektronik.<br>Die wichtigsten Produktkategorien sind:  Sensoren: bietet eine breite Palette von Sensoren an, darunter Umgebungslichtsensoren, Farbsensoren, Laserscanner, Bildsensoren und Mikrofone.<br><strong>Sensor-ICs:<\/strong> entwickelt und produziert Sensor-ICs, die die Basis f\u00fcr eine Vielzahl von Sensoranwendungen bilden.<br><strong>Schnittstellen:<\/strong> bietet eine Reihe von Schnittstellen an, die Sensoren mit anderen elektronischen Ger\u00e4ten verbinden.<br><strong>Software:<\/strong> bietet eine Reihe von Softwarel\u00f6sungen an, die die Entwicklung und Integration von Sensorl\u00f6sungen unterst\u00fctzen.<\/p>\n\n\n\n<a href=\"https:\/\/hulyyou.de\/finanzen-boerse.de\/etoro-registrieren.html\" target=\"_blank\" title=\"Etoro\" rel=\"noopener\">Etoro<\/a>\n<a href=\"https:\/\/hulyyou.de\/hotel-in-naehe.de\/\" target=\"_blank\" title=\"Hotel in der N\u00e4he\" rel=\"noopener\">Hotel in der N\u00e4he<\/a>\n<a href=\"https:\/\/hulyyou.de\/finanzen-boerse.de\" target=\"_blank\" title=\"Finanzen und B\u00f6rse\" rel=\"noopener\">Finanzen und B\u00f6rse<\/a>\n<a href=\"https:\/\/hulyyou.de\/lottozahlenarchiv.de\" target=\"_blank\" title=\"Lottozahlenarchiv\" rel=\"noopener\">Lottozahlenarchiv<\/a>\n","protected":false},"excerpt":{"rendered":"<p>Schwerwiegender Kurseinbruch bei AMS Osram: Die Aktien des Unternehmens verzeichnen am heutigen Mittwoch einen dramatischen R\u00fcckgang um 49,42 Prozent auf 1,47 Franken. Dieser markante R\u00fcckgang ist auf den Beginn des Handels der Bezugsrechte zur\u00fcckzuf\u00fchren, der bis zum 6. Dezember andauert. Das Sentiment gegen\u00fcber den AMS Osram-Aktien ist deutlich angeschlagen, vor allem aufgrund der Kritik am [&hellip;]<\/p>\n","protected":false},"author":1,"featured_media":0,"parent":0,"menu_order":0,"comment_status":"closed","ping_status":"closed","template":"","meta":{"iawp_total_views":12,"footnotes":""},"class_list":["post-161","page","type-page","status-publish","hentry"],"yoast_head":"<!-- This site is optimized with the Yoast SEO plugin v26.7 - https:\/\/yoast.com\/wordpress\/plugins\/seo\/ -->\n<title>AMS Osram-Aktie bricht um 47 Prozent ein - Finanzen B\u00f6rse<\/title>\n<meta name=\"description\" content=\"Schwerwiegender Kurseinbruch bei AMS Osram: Die Aktien des Unternehmens verzeichnen am heutigen Mittwoch einen R\u00fcckgang um 47 Prozent\" \/>\n<meta name=\"robots\" content=\"index, follow, max-snippet:-1, max-image-preview:large, max-video-preview:-1\" \/>\n<link rel=\"canonical\" href=\"https:\/\/hulyyou.de\/finanzen-boerse.de\/ams-osram-aktie-bricht-um-47-prozent-ein\/\" \/>\n<meta property=\"og:locale\" content=\"de_DE\" \/>\n<meta property=\"og:type\" content=\"article\" \/>\n<meta property=\"og:title\" content=\"AMS Osram-Aktie bricht um 47 Prozent ein - Finanzen B\u00f6rse\" \/>\n<meta property=\"og:description\" content=\"Schwerwiegender Kurseinbruch bei AMS Osram: Die Aktien des Unternehmens verzeichnen am heutigen Mittwoch einen R\u00fcckgang um 47 Prozent\" \/>\n<meta property=\"og:url\" content=\"https:\/\/hulyyou.de\/finanzen-boerse.de\/ams-osram-aktie-bricht-um-47-prozent-ein\/\" \/>\n<meta property=\"og:site_name\" content=\"Finanzen B\u00f6rse\" \/>\n<meta property=\"article:modified_time\" content=\"2023-12-01T16:17:29+00:00\" \/>\n<meta name=\"twitter:card\" content=\"summary_large_image\" \/>\n<meta name=\"twitter:label1\" content=\"Gesch\u00e4tzte Lesezeit\" \/>\n\t<meta name=\"twitter:data1\" content=\"2\u00a0Minuten\" \/>\n<script type=\"application\/ld+json\" class=\"yoast-schema-graph\">{\"@context\":\"https:\/\/schema.org\",\"@graph\":[{\"@type\":\"WebPage\",\"@id\":\"https:\/\/hulyyou.de\/finanzen-boerse.de\/ams-osram-aktie-bricht-um-47-prozent-ein\/\",\"url\":\"https:\/\/hulyyou.de\/finanzen-boerse.de\/ams-osram-aktie-bricht-um-47-prozent-ein\/\",\"name\":\"AMS Osram-Aktie bricht um 47 Prozent ein - Finanzen B\u00f6rse\",\"isPartOf\":{\"@id\":\"https:\/\/hulyyou.de\/finanzen-boerse.de\/#website\"},\"datePublished\":\"2023-11-22T12:58:04+00:00\",\"dateModified\":\"2023-12-01T16:17:29+00:00\",\"description\":\"Schwerwiegender Kurseinbruch bei AMS Osram: Die Aktien des Unternehmens verzeichnen am heutigen Mittwoch einen R\u00fcckgang um 47 Prozent\",\"breadcrumb\":{\"@id\":\"https:\/\/hulyyou.de\/finanzen-boerse.de\/ams-osram-aktie-bricht-um-47-prozent-ein\/#breadcrumb\"},\"inLanguage\":\"de\",\"potentialAction\":[{\"@type\":\"ReadAction\",\"target\":[\"https:\/\/hulyyou.de\/finanzen-boerse.de\/ams-osram-aktie-bricht-um-47-prozent-ein\/\"]}]},{\"@type\":\"BreadcrumbList\",\"@id\":\"https:\/\/hulyyou.de\/finanzen-boerse.de\/ams-osram-aktie-bricht-um-47-prozent-ein\/#breadcrumb\",\"itemListElement\":[{\"@type\":\"ListItem\",\"position\":1,\"name\":\"Startseite\",\"item\":\"https:\/\/hulyyou.de\/finanzen-boerse.de\/\"},{\"@type\":\"ListItem\",\"position\":2,\"name\":\"AMS Osram-Aktie bricht um 47 Prozent ein\"}]},{\"@type\":\"WebSite\",\"@id\":\"https:\/\/hulyyou.de\/finanzen-boerse.de\/#website\",\"url\":\"https:\/\/hulyyou.de\/finanzen-boerse.de\/\",\"name\":\"Finanzen B\u00f6rse\",\"description\":\"Finanzen Wirtschaft\",\"potentialAction\":[{\"@type\":\"SearchAction\",\"target\":{\"@type\":\"EntryPoint\",\"urlTemplate\":\"https:\/\/hulyyou.de\/finanzen-boerse.de\/?s={search_term_string}\"},\"query-input\":{\"@type\":\"PropertyValueSpecification\",\"valueRequired\":true,\"valueName\":\"search_term_string\"}}],\"inLanguage\":\"de\"}]}<\/script>\n<!-- \/ Yoast SEO plugin. -->","yoast_head_json":{"title":"AMS Osram-Aktie bricht um 47 Prozent ein - Finanzen B\u00f6rse","description":"Schwerwiegender Kurseinbruch bei AMS Osram: Die Aktien des Unternehmens verzeichnen am heutigen Mittwoch einen R\u00fcckgang um 47 Prozent","robots":{"index":"index","follow":"follow","max-snippet":"max-snippet:-1","max-image-preview":"max-image-preview:large","max-video-preview":"max-video-preview:-1"},"canonical":"https:\/\/hulyyou.de\/finanzen-boerse.de\/ams-osram-aktie-bricht-um-47-prozent-ein\/","og_locale":"de_DE","og_type":"article","og_title":"AMS Osram-Aktie bricht um 47 Prozent ein - Finanzen B\u00f6rse","og_description":"Schwerwiegender Kurseinbruch bei AMS Osram: Die Aktien des Unternehmens verzeichnen am heutigen Mittwoch einen R\u00fcckgang um 47 Prozent","og_url":"https:\/\/hulyyou.de\/finanzen-boerse.de\/ams-osram-aktie-bricht-um-47-prozent-ein\/","og_site_name":"Finanzen B\u00f6rse","article_modified_time":"2023-12-01T16:17:29+00:00","twitter_card":"summary_large_image","twitter_misc":{"Gesch\u00e4tzte Lesezeit":"2\u00a0Minuten"},"schema":{"@context":"https:\/\/schema.org","@graph":[{"@type":"WebPage","@id":"https:\/\/hulyyou.de\/finanzen-boerse.de\/ams-osram-aktie-bricht-um-47-prozent-ein\/","url":"https:\/\/hulyyou.de\/finanzen-boerse.de\/ams-osram-aktie-bricht-um-47-prozent-ein\/","name":"AMS Osram-Aktie bricht um 47 Prozent ein - Finanzen B\u00f6rse","isPartOf":{"@id":"https:\/\/hulyyou.de\/finanzen-boerse.de\/#website"},"datePublished":"2023-11-22T12:58:04+00:00","dateModified":"2023-12-01T16:17:29+00:00","description":"Schwerwiegender Kurseinbruch bei AMS Osram: Die Aktien des Unternehmens verzeichnen am heutigen Mittwoch einen R\u00fcckgang um 47 Prozent","breadcrumb":{"@id":"https:\/\/hulyyou.de\/finanzen-boerse.de\/ams-osram-aktie-bricht-um-47-prozent-ein\/#breadcrumb"},"inLanguage":"de","potentialAction":[{"@type":"ReadAction","target":["https:\/\/hulyyou.de\/finanzen-boerse.de\/ams-osram-aktie-bricht-um-47-prozent-ein\/"]}]},{"@type":"BreadcrumbList","@id":"https:\/\/hulyyou.de\/finanzen-boerse.de\/ams-osram-aktie-bricht-um-47-prozent-ein\/#breadcrumb","itemListElement":[{"@type":"ListItem","position":1,"name":"Startseite","item":"https:\/\/hulyyou.de\/finanzen-boerse.de\/"},{"@type":"ListItem","position":2,"name":"AMS Osram-Aktie bricht um 47 Prozent ein"}]},{"@type":"WebSite","@id":"https:\/\/hulyyou.de\/finanzen-boerse.de\/#website","url":"https:\/\/hulyyou.de\/finanzen-boerse.de\/","name":"Finanzen B\u00f6rse","description":"Finanzen Wirtschaft","potentialAction":[{"@type":"SearchAction","target":{"@type":"EntryPoint","urlTemplate":"https:\/\/hulyyou.de\/finanzen-boerse.de\/?s={search_term_string}"},"query-input":{"@type":"PropertyValueSpecification","valueRequired":true,"valueName":"search_term_string"}}],"inLanguage":"de"}]}},"_links":{"self":[{"href":"https:\/\/hulyyou.de\/finanzen-boerse.de\/wp-json\/wp\/v2\/pages\/161","targetHints":{"allow":["GET"]}}],"collection":[{"href":"https:\/\/hulyyou.de\/finanzen-boerse.de\/wp-json\/wp\/v2\/pages"}],"about":[{"href":"https:\/\/hulyyou.de\/finanzen-boerse.de\/wp-json\/wp\/v2\/types\/page"}],"author":[{"embeddable":true,"href":"https:\/\/hulyyou.de\/finanzen-boerse.de\/wp-json\/wp\/v2\/users\/1"}],"replies":[{"embeddable":true,"href":"https:\/\/hulyyou.de\/finanzen-boerse.de\/wp-json\/wp\/v2\/comments?post=161"}],"version-history":[{"count":13,"href":"https:\/\/hulyyou.de\/finanzen-boerse.de\/wp-json\/wp\/v2\/pages\/161\/revisions"}],"predecessor-version":[{"id":281,"href":"https:\/\/hulyyou.de\/finanzen-boerse.de\/wp-json\/wp\/v2\/pages\/161\/revisions\/281"}],"wp:attachment":[{"href":"https:\/\/hulyyou.de\/finanzen-boerse.de\/wp-json\/wp\/v2\/media?parent=161"}],"curies":[{"name":"wp","href":"https:\/\/api.w.org\/{rel}","templated":true}]}}